{"id":56,"date":"2025-11-13T23:32:26","date_gmt":"2025-11-13T23:32:26","guid":{"rendered":"https:\/\/bienvivrelfsa.fr\/?page_id=56"},"modified":"2025-11-14T00:44:56","modified_gmt":"2025-11-13T23:44:56","slug":"mentions-legales","status":"publish","type":"page","link":"https:\/\/bienvivrelfsa.fr\/index.php\/mentions-legales\/","title":{"rendered":"Mentions l\u00e9gales"},"content":{"rendered":"\t\t<div data-elementor-type=\"wp-page\" data-elementor-id=\"56\" class=\"elementor elementor-56\">\n\t\t\t\t<div class=\"elementor-element elementor-element-d828a8e e-flex e-con-boxed e-con e-parent\" data-id=\"d828a8e\" data-element_type=\"container\" data-e-type=\"container\">\n\t\t\t\t\t<div class=\"e-con-inner\">\n\t\t\t\t<div class=\"elementor-element elementor-element-6c51ec6 elementor-widget elementor-widget-text-editor\" data-id=\"6c51ec6\" data-element_type=\"widget\" data-e-type=\"widget\" data-widget_type=\"text-editor.default\">\n\t\t\t\t\t\t\t\t\t<h2 data-start=\"292\" data-end=\"354\"><strong data-start=\"298\" data-end=\"354\">Mentions l\u00e9gales \u2013 Bien Vivre \u00e0 La Fert\u00e9 Saint-Aubin<\/strong><\/h2><h3 data-start=\"356\" data-end=\"385\">1. Informations g\u00e9n\u00e9rales<\/h3><p data-start=\"387\" data-end=\"520\"><strong data-start=\"387\" data-end=\"407\">Site \u00e9dit\u00e9 par :<\/strong><br data-start=\"407\" data-end=\"410\" \/>Liste <strong data-start=\"416\" data-end=\"453\">Bien Vivre \u00e0 La Fert\u00e9 Saint-Aubin<\/strong><br data-start=\"453\" data-end=\"456\" \/>Candidate aux <strong data-start=\"470\" data-end=\"518\">\u00e9lections municipales des 15 et 22 mars 2026<\/strong><\/p><p data-start=\"522\" data-end=\"591\"><strong data-start=\"522\" data-end=\"557\">Responsable de la publication :<\/strong><br data-start=\"557\" data-end=\"560\" \/><strong data-start=\"560\" data-end=\"574\">Cris PAJON<\/strong>, t\u00eate de liste<\/p><p data-start=\"721\" data-end=\"865\"><strong data-start=\"721\" data-end=\"734\">Contact :<\/strong><br data-start=\"734\" data-end=\"737\" \/>bienvivre.lfsa@gmail.com<\/p><hr data-start=\"867\" data-end=\"870\" \/><h3 data-start=\"872\" data-end=\"898\">2. H\u00e9bergement du site<\/h3><p data-start=\"900\" data-end=\"1092\"><strong data-start=\"900\" data-end=\"915\">H\u00e9bergeur :<\/strong><br data-start=\"915\" data-end=\"918\" \/>Le site est h\u00e9berg\u00e9 par <strong data-start=\"942\" data-end=\"977\">WordPress.com \/ Automattic Inc.<\/strong><br data-start=\"977\" data-end=\"980\" \/>60 29th Street #343, San Francisco, CA 94110, \u00c9tats-Unis<br data-start=\"1036\" data-end=\"1039\" \/>\ud83c\udf10 <a class=\"decorated-link\" href=\"https:\/\/wordpress.com\/\" target=\"_new\" rel=\"noopener\" data-start=\"1042\" data-end=\"1090\">https:\/\/wordpress.com\/<\/a><\/p><hr data-start=\"1094\" data-end=\"1097\" \/><h3 data-start=\"1099\" data-end=\"1119\">3. Objet du site<\/h3><p data-start=\"1121\" data-end=\"1346\">Ce site a un <strong data-start=\"1134\" data-end=\"1157\">caract\u00e8re \u00e9lectoral<\/strong>.<br data-start=\"1158\" data-end=\"1161\" \/>Il a pour objet de pr\u00e9senter les valeurs, propositions et actions de la liste <strong data-start=\"1239\" data-end=\"1276\">Bien Vivre \u00e0 La Fert\u00e9 Saint-Aubin<\/strong> dans le cadre des \u00e9lections municipales des <strong data-start=\"1321\" data-end=\"1343\">15 et 22 mars 2026<\/strong>.<\/p><hr data-start=\"1348\" data-end=\"1351\" \/><h3 data-start=\"1353\" data-end=\"1385\">4. Responsabilit\u00e9 \u00e9ditoriale<\/h3><p data-start=\"1387\" data-end=\"1693\">La responsabilit\u00e9 de la publication incombe \u00e0 <strong data-start=\"1433\" data-end=\"1447\">Cris PAJON<\/strong>, en qualit\u00e9 de t\u00eate de liste.<br data-start=\"1477\" data-end=\"1480\" \/>Les propos et contenus publi\u00e9s sur ce site n\u2019engagent que la liste <strong data-start=\"1547\" data-end=\"1584\">Bien Vivre \u00e0 La Fert\u00e9 Saint-Aubin<\/strong>.<br data-start=\"1585\" data-end=\"1588\" \/>Les textes, visuels et vid\u00e9os pr\u00e9sents sur le site ne peuvent \u00eatre reproduits ou utilis\u00e9s sans autorisation \u00e9crite de Cris PAJON.<\/p><hr data-start=\"1695\" data-end=\"1698\" \/><h3 data-start=\"1700\" data-end=\"1734\">5. Donn\u00e9es personnelles (RGPD)<\/h3><p data-start=\"1736\" data-end=\"1929\">Les informations recueillies via les formulaires de contact ou d\u2019inscription \u00e0 la newsletter sont destin\u00e9es exclusivement \u00e0 la communication de la liste <strong data-start=\"1889\" data-end=\"1926\">Bien Vivre \u00e0 La Fert\u00e9 Saint-Aubin<\/strong>.<\/p><p data-start=\"1931\" data-end=\"2161\">Conform\u00e9ment au <strong data-start=\"1947\" data-end=\"2005\">R\u00e8glement G\u00e9n\u00e9ral sur la Protection des Donn\u00e9es (RGPD)<\/strong> et \u00e0 la <strong data-start=\"2014\" data-end=\"2046\">loi Informatique et Libert\u00e9s<\/strong>, vous disposez d\u2019un droit d\u2019acc\u00e8s, de rectification, d\u2019opposition et de suppression de vos donn\u00e9es personnelles.<\/p><p data-start=\"1931\" data-end=\"2161\">Pour exercer vos droits, vous pouvez \u00e9crire \u00e0 :<br data-start=\"2213\" data-end=\"2216\" \/>bienvivre.lfsa@gmail.com<\/p><p data-start=\"2300\" data-end=\"2395\">Les donn\u00e9es ne sont pas transmises \u00e0 des tiers ni utilis\u00e9es \u00e0 des fins commerciales.<\/p><hr data-start=\"2397\" data-end=\"2400\" \/><h3 data-start=\"2402\" data-end=\"2420\">6. Financement<\/h3><p data-start=\"2422\" data-end=\"2657\">Ce site est <strong data-start=\"2434\" data-end=\"2492\">financ\u00e9 par la liste Bien Vivre \u00e0 La Fert\u00e9 Saint-Aubin<\/strong><\/p><hr data-start=\"2659\" data-end=\"2662\" \/><h3 data-start=\"2664\" data-end=\"2695\">7. Propri\u00e9t\u00e9 intellectuelle<\/h3><p data-start=\"2697\" data-end=\"2973\">L\u2019ensemble des contenus pr\u00e9sents sur ce site (textes, images, logos, vid\u00e9os, graphismes) est la propri\u00e9t\u00e9 exclusive de la liste <strong data-start=\"2825\" data-end=\"2862\">Bien Vivre \u00e0 La Fert\u00e9 Saint-Aubin<\/strong>, sauf mention contraire.<br data-start=\"2887\" data-end=\"2890\" \/>Toute reproduction ou diffusion sans autorisation \u00e9crite pr\u00e9alable est interdite.<\/p><hr data-start=\"2975\" data-end=\"2978\" \/><h3 data-start=\"2980\" data-end=\"2994\">8. Cookies<\/h3><p data-start=\"2996\" data-end=\"3333\">Ce site utilise des <strong data-start=\"3016\" data-end=\"3038\">cookies essentiels<\/strong> au bon fonctionnement de WordPress.<br data-start=\"3162\" data-end=\"3165\" \/>Aucun cookie publicitaire ou de suivi commercial n\u2019est utilis\u00e9.<br data-start=\"3228\" data-end=\"3231\" \/>Vous pouvez configurer votre navigateur pour refuser l\u2019installation de cookies si vous le souhaitez.<\/p><hr data-start=\"3335\" data-end=\"3338\" \/><h3 data-start=\"3340\" data-end=\"3354\">9. Contact<\/h3><p data-start=\"3356\" data-end=\"3481\">Pour toute question concernant ces mentions l\u00e9gales, vous pouvez \u00e9crire \u00e0 :<br data-start=\"3431\" data-end=\"3434\" \/>bienvivre.lfsa@gmail.com<\/p>\t\t\t\t\t\t\t\t<\/div>\n\t\t\t\t<div class=\"elementor-element elementor-element-d7a2c59 elementor-widget elementor-widget-wp-widget-pages\" data-id=\"d7a2c59\" data-element_type=\"widget\" data-e-type=\"widget\" data-widget_type=\"wp-widget-pages.default\">\n\t\t\t\t<div class=\"elementor-widget-container\">\n\t\t\t\t\t<h5>Pages<\/h5><nav aria-label=\"Pages\">\n\t\t\t<ul>\n\t\t\t\t<li class=\"page_item page-item-56\"><a href=\"https:\/\/bienvivrelfsa.fr\/index.php\/mentions-legales\/\">Mentions l\u00e9gales<\/a><\/li>\n<li class=\"page_item page-item-7\"><a href=\"https:\/\/bienvivrelfsa.fr\/\">Page Principale<\/a><\/li>\n\t\t\t<\/ul>\n\n\t\t\t<\/nav>\t\t\t\t<\/div>\n\t\t\t\t<\/div>\n\t\t\t\t\t<\/div>\n\t\t\t\t<\/div>\n\t\t\t\t<\/div>\n\t\t","protected":false},"excerpt":{"rendered":"<p>Mentions l\u00e9gales \u2013 Bien Vivre \u00e0 La Fert\u00e9 Saint-Aubin 1. Informations g\u00e9n\u00e9rales Site \u00e9dit\u00e9 par :Liste Bien Vivre \u00e0 La Fert\u00e9 Saint-AubinCandidate aux \u00e9lections municipales des 15 et 22 mars 2026 Responsable de la publication :Cris PAJON, t\u00eate de liste Contact :bienvivre.lfsa@gmail.com 2. H\u00e9bergement du site H\u00e9bergeur :Le site est h\u00e9berg\u00e9 par WordPress.com \/ Automattic [&hellip;]<\/p>\n","protected":false},"author":1,"featured_media":0,"parent":0,"menu_order":0,"comment_status":"closed","ping_status":"closed","template":"","meta":{"footnotes":""},"class_list":["post-56","page","type-page","status-publish","hentry"],"_links":{"self":[{"href":"https:\/\/bienvivrelfsa.fr\/index.php\/wp-json\/wp\/v2\/pages\/56","targetHints":{"allow":["GET"]}}],"collection":[{"href":"https:\/\/bienvivrelfsa.fr\/index.php\/wp-json\/wp\/v2\/pages"}],"about":[{"href":"https:\/\/bienvivrelfsa.fr\/index.php\/wp-json\/wp\/v2\/types\/page"}],"author":[{"embeddable":true,"href":"https:\/\/bienvivrelfsa.fr\/index.php\/wp-json\/wp\/v2\/users\/1"}],"replies":[{"embeddable":true,"href":"https:\/\/bienvivrelfsa.fr\/index.php\/wp-json\/wp\/v2\/comments?post=56"}],"version-history":[{"count":16,"href":"https:\/\/bienvivrelfsa.fr\/index.php\/wp-json\/wp\/v2\/pages\/56\/revisions"}],"predecessor-version":[{"id":85,"href":"https:\/\/bienvivrelfsa.fr\/index.php\/wp-json\/wp\/v2\/pages\/56\/revisions\/85"}],"wp:attachment":[{"href":"https:\/\/bienvivrelfsa.fr\/index.php\/wp-json\/wp\/v2\/media?parent=56"}],"curies":[{"name":"wp","href":"https:\/\/api.w.org\/{rel}","templated":true}]}}